{"id":76,"date":"2024-01-30T01:34:58","date_gmt":"2024-01-30T01:34:58","guid":{"rendered":"https:\/\/misionerosdeesperanza.org\/.website_7a143cd0\/about-2\/"},"modified":"2024-08-19T23:53:22","modified_gmt":"2024-08-19T23:53:22","slug":"sobre-nosotros","status":"publish","type":"page","link":"https:\/\/misionerosdeesperanza.org\/.website_7a143cd0\/sobre-nosotros\/","title":{"rendered":"Sobre Nosotros"},"content":{"rendered":"\t\t<div data-elementor-type=\"page\" data-elementor-id=\"76\" class=\"elementor elementor-76\">\n\t\t\t\t<div class=\"has_eae_slider elementor-element elementor-element-b966a71 e-flex e-con-boxed e-con e-parent\" data-eae-slider=\"48136\" data-id=\"b966a71\" data-element_type=\"container\" data-e-type=\"container\">\n\t\t\t\t\t<div class=\"e-con-inner\">\n\t\t\t\t<div class=\"elementor-element elementor-element-430165b elementor-widget elementor-widget-heading\" data-id=\"430165b\" data-element_type=\"widget\" data-e-type=\"widget\" data-widget_type=\"heading.default\">\n\t\t\t\t<div class=\"elementor-widget-container\">\n\t\t\t\t\t<h2 class=\"elementor-heading-title elementor-size-default\">Sobre Nosotros<\/h2>\t\t\t\t<\/div>\n\t\t\t\t<\/div>\n\t\t\t\t\t<\/div>\n\t\t\t\t<\/div>\n\t\t<div class=\"has_eae_slider elementor-element elementor-element-8fa639b e-flex e-con-boxed e-con e-parent\" data-eae-slider=\"17933\" data-id=\"8fa639b\" data-element_type=\"container\" data-e-type=\"container\">\n\t\t\t\t\t<div class=\"e-con-inner\">\n\t\t<div class=\"has_eae_slider elementor-element elementor-element-9bb24c3 e-con-full e-flex e-con e-child\" data-eae-slider=\"49145\" data-id=\"9bb24c3\" data-element_type=\"container\" data-e-type=\"container\">\n\t\t\t\t<div class=\"elementor-element elementor-element-90aa313 elementor-widget elementor-widget-image\" data-id=\"90aa313\" data-element_type=\"widget\" data-e-type=\"widget\" data-widget_type=\"image.default\">\n\t\t\t\t<div class=\"elementor-widget-container\">\n\t\t\t\t\t\t\t\t\t\t\t\t\t\t\t\t<a href=\"http:\/\/misionerosdeesperanza.org\/.website_7a143cd0\/wp-content\/uploads\/2024\/03\/DSC09965_Easy-Resize.com_.jpg\" data-elementor-open-lightbox=\"yes\" data-elementor-lightbox-description=\"Equipo MDE, D\u00eda del Ni\u00f1o 2023 en aldea El Porvenir.\" data-e-action-hash=\"#elementor-action%3Aaction%3Dlightbox%26settings%3DeyJpZCI6MTA0NSwidXJsIjoiaHR0cHM6XC9cL21pc2lvbmVyb3NkZWVzcGVyYW56YS5vcmdcLy53ZWJzaXRlXzdhMTQzY2QwXC93cC1jb250ZW50XC91cGxvYWRzXC8yMDI0XC8wM1wvRFNDMDk5NjVfRWFzeS1SZXNpemUuY29tXy5qcGcifQ%3D%3D\">\n\t\t\t\t\t\t\t<img fetchpriority=\"high\" decoding=\"async\" width=\"800\" height=\"600\" src=\"https:\/\/misionerosdeesperanza.org\/.website_7a143cd0\/wp-content\/uploads\/2024\/03\/DSC09965_Easy-Resize.com_-1024x768.jpg\" class=\"attachment-large size-large wp-image-1045\" alt=\"Equipo MDE\" srcset=\"https:\/\/misionerosdeesperanza.org\/.website_7a143cd0\/wp-content\/uploads\/2024\/03\/DSC09965_Easy-Resize.com_-1024x768.jpg 1024w, https:\/\/misionerosdeesperanza.org\/.website_7a143cd0\/wp-content\/uploads\/2024\/03\/DSC09965_Easy-Resize.com_-300x225.jpg 300w, https:\/\/misionerosdeesperanza.org\/.website_7a143cd0\/wp-content\/uploads\/2024\/03\/DSC09965_Easy-Resize.com_-768x576.jpg 768w, https:\/\/misionerosdeesperanza.org\/.website_7a143cd0\/wp-content\/uploads\/2024\/03\/DSC09965_Easy-Resize.com_.jpg 1280w\" sizes=\"(max-width: 800px) 100vw, 800px\" \/>\t\t\t\t\t\t\t\t<\/a>\n\t\t\t\t\t\t\t\t\t\t\t\t\t\t\t<\/div>\n\t\t\t\t<\/div>\n\t\t\t\t<\/div>\n\t\t<div class=\"has_eae_slider elementor-element elementor-element-ad55517 e-con-full e-flex e-con e-child\" data-eae-slider=\"69978\" data-id=\"ad55517\" data-element_type=\"container\" data-e-type=\"container\">\n\t\t\t\t<div class=\"elementor-element elementor-element-e0b9530 elementor-widget__width-initial elementor-widget elementor-widget-text-editor\" data-id=\"e0b9530\" data-element_type=\"widget\" data-e-type=\"widget\" data-widget_type=\"text-editor.default\">\n\t\t\t\t<div class=\"elementor-widget-container\">\n\t\t\t\t\t\t\t\t\t<p>Somos un grupo de j\u00f3venes voluntarios que impulsamos el trabajo misionero en las monta\u00f1as del Merend\u00f3n en Honduras.<\/p><p>Misioneros de Esperanza naci\u00f3 despu\u00e9s de la Jornada Mundial de la Juventud celebrada en julio de 2002 en Toronto, Canad\u00e1.<\/p><p>En ese momento, un grupo de j\u00f3venes decidi\u00f3 impulsar un proyecto misionero tras escuchar las palabras \u201cj\u00f3venes, ustedes son mensajeros de la esperanza, son el centinela de la ma\u00f1ana, sean sal y luz del mundo\u201d. El Papa Juan Pablo II nos ret\u00f3 a tomar conciencia de que nosotros, los j\u00f3venes, somos los sucesores para transformar ahora a la sociedad, a ser protagonistas, a ser la sal y la luz del mundo que lleva esperanza a muchos ni\u00f1os, j\u00f3venes y adultos que no la tienen en sus comunidades.<\/p><p>Fundamos Misioneros de Esperanza el 27 de agosto de 2002, en la ciudad de San Pedro Sula, Honduras.<\/p><p>Nuestro enfoque principal es mejorar la calidad de vida presente y futura de los habitantes de las monta\u00f1as del Merend\u00f3n, y as\u00ed evitar la migraci\u00f3n y la divisi\u00f3n familiar.<\/p>\t\t\t\t\t\t\t\t<\/div>\n\t\t\t\t<\/div>\n\t\t\t\t<\/div>\n\t\t\t\t\t<\/div>\n\t\t\t\t<\/div>\n\t\t<div class=\"has_eae_slider elementor-element elementor-element-2b35ff0 e-flex e-con-boxed e-con e-parent\" data-eae-slider=\"90013\" data-id=\"2b35ff0\" data-element_type=\"container\" data-e-type=\"container\">\n\t\t\t\t\t<div class=\"e-con-inner\">\n\t\t\t\t<div class=\"elementor-element elementor-element-4545e8f elementor-widget elementor-widget-heading\" data-id=\"4545e8f\" data-element_type=\"widget\" data-e-type=\"widget\" data-widget_type=\"heading.default\">\n\t\t\t\t<div class=\"elementor-widget-container\">\n\t\t\t\t\t<h2 class=\"elementor-heading-title elementor-size-default\">Misi\u00f3n y Visi\u00f3n<\/h2>\t\t\t\t<\/div>\n\t\t\t\t<\/div>\n\t\t\t\t<div class=\"elementor-element elementor-element-eb9f07a elementor-widget elementor-widget-heading\" data-id=\"eb9f07a\" data-element_type=\"widget\" data-e-type=\"widget\" data-widget_type=\"heading.default\">\n\t\t\t\t<div class=\"elementor-widget-container\">\n\t\t\t\t\t<h2 class=\"elementor-heading-title elementor-size-default\">Nuestra misi\u00f3n es ser un grupo de misioneros de Dios y para Dios, llevando la sal y la luz de Jes\u00fas con una entrega y disposici\u00f3n total al servicio del Reino de Dios<\/h2>\t\t\t\t<\/div>\n\t\t\t\t<\/div>\n\t\t\t\t<div class=\"elementor-element elementor-element-c0262eb elementor-widget elementor-widget-heading\" data-id=\"c0262eb\" data-element_type=\"widget\" data-e-type=\"widget\" data-widget_type=\"heading.default\">\n\t\t\t\t<div class=\"elementor-widget-container\">\n\t\t\t\t\t<h2 class=\"elementor-heading-title elementor-size-default\">Nuestra visi\u00f3n es promover e integrar los valores cristianos al hogar y a la comunidad rural, acompa\u00f1ando a ni\u00f1os, j\u00f3venes y adultos en la formaci\u00f3n de conciencia responsable en el estudio, vida y trabajo para lograr un mejor desarrollo humano capaz de hacer frente a desaf\u00edos mundiales<\/h2>\t\t\t\t<\/div>\n\t\t\t\t<\/div>\n\t\t\t\t\t<\/div>\n\t\t\t\t<\/div>\n\t\t<div class=\"has_eae_slider elementor-element elementor-element-c9993ed e-flex e-con-boxed e-con e-parent\" data-eae-slider=\"89476\" data-id=\"c9993ed\" data-element_type=\"container\" data-e-type=\"container\" data-settings=\"{&quot;background_background&quot;:&quot;classic&quot;}\">\n\t\t\t\t\t<div class=\"e-con-inner\">\n\t\t\t\t<div class=\"elementor-element elementor-element-fd0d855 elementor-widget elementor-widget-spacer\" data-id=\"fd0d855\" data-element_type=\"widget\" data-e-type=\"widget\" data-widget_type=\"spacer.default\">\n\t\t\t\t<div class=\"elementor-widget-container\">\n\t\t\t\t\t\t\t<div class=\"elementor-spacer\">\n\t\t\t<div class=\"elementor-spacer-inner\"><\/div>\n\t\t<\/div>\n\t\t\t\t\t\t<\/div>\n\t\t\t\t<\/div>\n\t\t\t\t\t<\/div>\n\t\t\t\t<\/div>\n\t\t\t\t<section class=\"has_eae_slider elementor-section elementor-top-section elementor-element elementor-element-6a41e2d elementor-section-boxed elementor-section-height-default elementor-section-height-default\" data-eae-slider=\"27113\" data-id=\"6a41e2d\" data-element_type=\"section\" data-e-type=\"section\" data-settings=\"{&quot;background_background&quot;:&quot;classic&quot;}\">\n\t\t\t\t\t\t<div class=\"elementor-container elementor-column-gap-no\">\n\t\t\t\t\t<div class=\"has_eae_slider elementor-column elementor-col-100 elementor-top-column elementor-element elementor-element-7f63004\" data-eae-slider=\"66584\" data-id=\"7f63004\" data-element_type=\"column\" data-e-type=\"column\">\n\t\t\t<div class=\"elementor-widget-wrap elementor-element-populated\">\n\t\t\t\t\t\t<div class=\"elementor-element elementor-element-354a384 elementor-widget elementor-widget-heading\" data-id=\"354a384\" data-element_type=\"widget\" data-e-type=\"widget\" data-widget_type=\"heading.default\">\n\t\t\t\t<div class=\"elementor-widget-container\">\n\t\t\t\t\t<h2 class=\"elementor-heading-title elementor-size-default\">Estos son nuestros 4 pilares<\/h2>\t\t\t\t<\/div>\n\t\t\t\t<\/div>\n\t\t\t\t<section class=\"has_eae_slider elementor-section elementor-inner-section elementor-element elementor-element-6c288c4 elementor-section-boxed elementor-section-height-default elementor-section-height-default\" data-eae-slider=\"62362\" data-id=\"6c288c4\" data-element_type=\"section\" data-e-type=\"section\" data-settings=\"{&quot;background_background&quot;:&quot;gradient&quot;}\">\n\t\t\t\t\t\t<div class=\"elementor-container elementor-column-gap-no\">\n\t\t\t\t\t<div class=\"has_eae_slider elementor-column elementor-col-25 elementor-inner-column elementor-element elementor-element-9c3fe18\" data-eae-slider=\"41728\" data-id=\"9c3fe18\" data-element_type=\"column\" data-e-type=\"column\">\n\t\t\t<div class=\"elementor-widget-wrap elementor-element-populated\">\n\t\t\t\t\t\t<div class=\"elementor-element elementor-element-61517b2 eael-infobox-content-align--center eael-infobox-shape-square eael-infobox-hover-img-shape-square elementor-invisible elementor-widget elementor-widget-eael-info-box\" data-id=\"61517b2\" data-element_type=\"widget\" data-e-type=\"widget\" data-settings=\"{&quot;_animation&quot;:&quot;fadeInLeft&quot;}\" data-widget_type=\"eael-info-box.default\">\n\t\t\t\t<div class=\"elementor-widget-container\">\n\t\t\t\t\t        <div class=\"eael-infobox icon-on-top\">\n\t            <div class=\"infobox-icon\">\n\n                            <img decoding=\"async\" src=\"https:\/\/misionerosdeesperanza.org\/.website_7a143cd0\/wp-content\/uploads\/2024\/02\/Evangelism.png\" alt=\"Evangelism\">\n            \n            \n            \n        <\/div>\n            <div class=\"infobox-content\">\n                    <div class=\"infobox-title-section\">\n                <h2 class=\"title\">Evangelizaci\u00f3n<\/h2>            <\/div>\n                    <div class=\"infobox-button\">\n            <a class=\"eael-infobox-button\" href=\"https:\/\/misionerosdeesperanza.org\/.website_7a143cd0\/4-pilares\/#Evangelizacion\">\n                                                <span class=\"infobox-button-text\">Conozca M\u00e1s<\/span>\n                                                            <svg aria-hidden=\"true\" class=\"eael_infobox_button_icon_right e-font-icon-svg e-fas-chevron-right\" viewBox=\"0 0 320 512\" xmlns=\"http:\/\/www.w3.org\/2000\/svg\"><path d=\"M285.476 272.971L91.132 467.314c-9.373 9.373-24.569 9.373-33.941 0l-22.667-22.667c-9.357-9.357-9.375-24.522-.04-33.901L188.505 256 34.484 101.255c-9.335-9.379-9.317-24.544.04-33.901l22.667-22.667c9.373-9.373 24.569-9.373 33.941 0L285.475 239.03c9.373 9.372 9.373 24.568.001 33.941z\"><\/path><\/svg>                                                <\/a>\n        <\/div>\n            <\/div>\n            <\/div>\n\n\t\t\t\t\t\t<\/div>\n\t\t\t\t<\/div>\n\t\t\t\t\t<\/div>\n\t\t<\/div>\n\t\t\t\t<div class=\"has_eae_slider elementor-column elementor-col-25 elementor-inner-column elementor-element elementor-element-5c8f5d4\" data-eae-slider=\"94940\" data-id=\"5c8f5d4\" data-element_type=\"column\" data-e-type=\"column\">\n\t\t\t<div class=\"elementor-widget-wrap elementor-element-populated\">\n\t\t\t\t\t\t<div class=\"elementor-element elementor-element-4d6d22e eael-infobox-content-align--center eael-infobox-shape-square eael-infobox-hover-img-shape-square elementor-invisible elementor-widget elementor-widget-eael-info-box\" data-id=\"4d6d22e\" data-element_type=\"widget\" data-e-type=\"widget\" data-settings=\"{&quot;_animation&quot;:&quot;fadeInUp&quot;}\" data-widget_type=\"eael-info-box.default\">\n\t\t\t\t<div class=\"elementor-widget-container\">\n\t\t\t\t\t        <div class=\"eael-infobox icon-on-top\">\n\t            <div class=\"infobox-icon\">\n\n                            <img decoding=\"async\" src=\"https:\/\/misionerosdeesperanza.org\/.website_7a143cd0\/wp-content\/uploads\/2024\/02\/Health.png\" alt=\"Health\">\n            \n            \n            \n        <\/div>\n            <div class=\"infobox-content\">\n                    <div class=\"infobox-title-section\">\n                <h2 class=\"title\">Salud<\/h2>            <\/div>\n                    <div class=\"infobox-button\">\n            <a class=\"eael-infobox-button\" href=\"https:\/\/misionerosdeesperanza.org\/.website_7a143cd0\/4-pilares\/#Salud\">\n                                                <span class=\"infobox-button-text\">Conozca M\u00e1s<\/span>\n                                                            <svg aria-hidden=\"true\" class=\"eael_infobox_button_icon_right e-font-icon-svg e-fas-chevron-right\" viewBox=\"0 0 320 512\" xmlns=\"http:\/\/www.w3.org\/2000\/svg\"><path d=\"M285.476 272.971L91.132 467.314c-9.373 9.373-24.569 9.373-33.941 0l-22.667-22.667c-9.357-9.357-9.375-24.522-.04-33.901L188.505 256 34.484 101.255c-9.335-9.379-9.317-24.544.04-33.901l22.667-22.667c9.373-9.373 24.569-9.373 33.941 0L285.475 239.03c9.373 9.372 9.373 24.568.001 33.941z\"><\/path><\/svg>                                                <\/a>\n        <\/div>\n            <\/div>\n            <\/div>\n\n\t\t\t\t\t\t<\/div>\n\t\t\t\t<\/div>\n\t\t\t\t\t<\/div>\n\t\t<\/div>\n\t\t\t\t<div class=\"has_eae_slider elementor-column elementor-col-25 elementor-inner-column elementor-element elementor-element-1941a01\" data-eae-slider=\"84701\" data-id=\"1941a01\" data-element_type=\"column\" data-e-type=\"column\">\n\t\t\t<div class=\"elementor-widget-wrap elementor-element-populated\">\n\t\t\t\t\t\t<div class=\"elementor-element elementor-element-b55069c eael-infobox-content-align--center eael-infobox-shape-square eael-infobox-hover-img-shape-square elementor-invisible elementor-widget elementor-widget-eael-info-box\" data-id=\"b55069c\" data-element_type=\"widget\" data-e-type=\"widget\" data-settings=\"{&quot;_animation&quot;:&quot;fadeInUp&quot;}\" data-widget_type=\"eael-info-box.default\">\n\t\t\t\t<div class=\"elementor-widget-container\">\n\t\t\t\t\t        <div class=\"eael-infobox icon-on-top\">\n\t            <div class=\"infobox-icon\">\n\n                            <img decoding=\"async\" src=\"https:\/\/misionerosdeesperanza.org\/.website_7a143cd0\/wp-content\/uploads\/2024\/02\/Education.png\" alt=\"Education\">\n            \n            \n            \n        <\/div>\n            <div class=\"infobox-content\">\n                    <div class=\"infobox-title-section\">\n                <h2 class=\"title\">Educaci\u00f3n<\/h2>            <\/div>\n                    <div class=\"infobox-button\">\n            <a class=\"eael-infobox-button\" href=\"https:\/\/misionerosdeesperanza.org\/.website_7a143cd0\/4-pilares\/#Educacion\">\n                                                <span class=\"infobox-button-text\">Conozca M\u00e1s<\/span>\n                                                            <svg aria-hidden=\"true\" class=\"eael_infobox_button_icon_right e-font-icon-svg e-fas-chevron-right\" viewBox=\"0 0 320 512\" xmlns=\"http:\/\/www.w3.org\/2000\/svg\"><path d=\"M285.476 272.971L91.132 467.314c-9.373 9.373-24.569 9.373-33.941 0l-22.667-22.667c-9.357-9.357-9.375-24.522-.04-33.901L188.505 256 34.484 101.255c-9.335-9.379-9.317-24.544.04-33.901l22.667-22.667c9.373-9.373 24.569-9.373 33.941 0L285.475 239.03c9.373 9.372 9.373 24.568.001 33.941z\"><\/path><\/svg>                                                <\/a>\n        <\/div>\n            <\/div>\n            <\/div>\n\n\t\t\t\t\t\t<\/div>\n\t\t\t\t<\/div>\n\t\t\t\t\t<\/div>\n\t\t<\/div>\n\t\t\t\t<div class=\"has_eae_slider elementor-column elementor-col-25 elementor-inner-column elementor-element elementor-element-363a793\" data-eae-slider=\"73335\" data-id=\"363a793\" data-element_type=\"column\" data-e-type=\"column\">\n\t\t\t<div class=\"elementor-widget-wrap elementor-element-populated\">\n\t\t\t\t\t\t<div class=\"elementor-element elementor-element-8672ea0 eael-infobox-content-align--center eael-infobox-shape-square eael-infobox-hover-img-shape-square elementor-invisible elementor-widget elementor-widget-eael-info-box\" data-id=\"8672ea0\" data-element_type=\"widget\" data-e-type=\"widget\" data-settings=\"{&quot;_animation&quot;:&quot;fadeInRight&quot;}\" data-widget_type=\"eael-info-box.default\">\n\t\t\t\t<div class=\"elementor-widget-container\">\n\t\t\t\t\t        <div class=\"eael-infobox icon-on-top\">\n\t            <div class=\"infobox-icon\">\n\n                            <img decoding=\"async\" src=\"https:\/\/misionerosdeesperanza.org\/.website_7a143cd0\/wp-content\/uploads\/2024\/02\/Infrastructure.png\" alt=\"Infrastructure\">\n            \n            \n            \n        <\/div>\n            <div class=\"infobox-content\">\n                    <div class=\"infobox-title-section\">\n                <h2 class=\"title\">Infraestructura<\/h2>            <\/div>\n                    <div class=\"infobox-button\">\n            <a class=\"eael-infobox-button\" href=\"https:\/\/misionerosdeesperanza.org\/.website_7a143cd0\/4-pilares\/#Infraestructura\">\n                                                <span class=\"infobox-button-text\">Conozca M\u00e1s<\/span>\n                                                            <svg aria-hidden=\"true\" class=\"eael_infobox_button_icon_right e-font-icon-svg e-fas-chevron-right\" viewBox=\"0 0 320 512\" xmlns=\"http:\/\/www.w3.org\/2000\/svg\"><path d=\"M285.476 272.971L91.132 467.314c-9.373 9.373-24.569 9.373-33.941 0l-22.667-22.667c-9.357-9.357-9.375-24.522-.04-33.901L188.505 256 34.484 101.255c-9.335-9.379-9.317-24.544.04-33.901l22.667-22.667c9.373-9.373 24.569-9.373 33.941 0L285.475 239.03c9.373 9.372 9.373 24.568.001 33.941z\"><\/path><\/svg>                                                <\/a>\n        <\/div>\n            <\/div>\n            <\/div>\n\n\t\t\t\t\t\t<\/div>\n\t\t\t\t<\/div>\n\t\t\t\t\t<\/div>\n\t\t<\/div>\n\t\t\t\t\t<\/div>\n\t\t<\/section>\n\t\t\t\t\t<\/div>\n\t\t<\/div>\n\t\t\t\t\t<\/div>\n\t\t<\/section>\n\t\t\t\t<\/div>\n\t\t","protected":false},"excerpt":{"rendered":"<p>Sobre Nosotros Somos un grupo de j\u00f3venes voluntarios que impulsamos el trabajo misionero en las monta\u00f1as del Merend\u00f3n en Honduras. Misioneros de Esperanza naci\u00f3 despu\u00e9s de la Jornada Mundial de la Juventud celebrada en julio de 2002 en Toronto, Canad\u00e1. En ese momento, un grupo de j\u00f3venes decidi\u00f3 impulsar un proyecto misionero tras escuchar las [&hellip;]<\/p>\n","protected":false},"author":1,"featured_media":0,"parent":0,"menu_order":0,"comment_status":"closed","ping_status":"closed","template":"elementor_header_footer","meta":{"nf_dc_page":"","footnotes":""},"class_list":["post-76","page","type-page","status-publish","hentry"],"_links":{"self":[{"href":"https:\/\/misionerosdeesperanza.org\/.website_7a143cd0\/wp-json\/wp\/v2\/pages\/76","targetHints":{"allow":["GET"]}}],"collection":[{"href":"https:\/\/misionerosdeesperanza.org\/.website_7a143cd0\/wp-json\/wp\/v2\/pages"}],"about":[{"href":"https:\/\/misionerosdeesperanza.org\/.website_7a143cd0\/wp-json\/wp\/v2\/types\/page"}],"author":[{"embeddable":true,"href":"https:\/\/misionerosdeesperanza.org\/.website_7a143cd0\/wp-json\/wp\/v2\/users\/1"}],"replies":[{"embeddable":true,"href":"https:\/\/misionerosdeesperanza.org\/.website_7a143cd0\/wp-json\/wp\/v2\/comments?post=76"}],"version-history":[{"count":5,"href":"https:\/\/misionerosdeesperanza.org\/.website_7a143cd0\/wp-json\/wp\/v2\/pages\/76\/revisions"}],"predecessor-version":[{"id":1173,"href":"https:\/\/misionerosdeesperanza.org\/.website_7a143cd0\/wp-json\/wp\/v2\/pages\/76\/revisions\/1173"}],"wp:attachment":[{"href":"https:\/\/misionerosdeesperanza.org\/.website_7a143cd0\/wp-json\/wp\/v2\/media?parent=76"}],"curies":[{"name":"wp","href":"https:\/\/api.w.org\/{rel}","templated":true}]}}